{"id":3671,"date":"2020-02-07T11:35:55","date_gmt":"2020-02-07T11:35:55","guid":{"rendered":"http:\/\/www.oliverlanz.com\/wordpress\/?page_id=3671"},"modified":"2026-01-23T21:20:09","modified_gmt":"2026-01-23T21:20:09","slug":"maturaarbeit","status":"publish","type":"page","link":"https:\/\/www.oliverlanz.com\/wordpress\/?page_id=3671","title":{"rendered":"Maturaarbeit im Bereich Kunst \/ Gestaltung"},"content":{"rendered":"<div>Ob Fotografie, Malerei, Plastik, Zeichnung, Illustration, Film, Druck, Grafik, Design oder Mode \u2013 die M\u00f6glichkeiten, sich im Rahmen der Maturaarbeit in einem gestalterischen Bereich zu vertiefen, sind vielseitig und interessant. Wer sich f\u00fcr eine Maturaarbeit in Bildender Kunst entscheidet, sollte in der Lage sein, sich \u00fcber einen l\u00e4ngeren Zeitraum mit einem gestalterischen Thema auseinandersetzen. Es braucht Neugier, Mut zum Experiment, Ausdauer und die F\u00e4higkeit, mit R\u00fcckschl\u00e4gen und Frustration umzugehen. Der gestalterische Prozess ist ein Abenteuer: Es wird geplant, wieder verworfen, \u00fcberdacht und ausprobiert. Eine Maturaarbeit in Bildender Kunst beinhaltet h\u00e4ufig ein gestaltetes Endprodukt, die schriftliche Arbeit sowie ein Skizzen-\/Logbuch. Zus\u00e4tzlich k\u00f6nnen Skizzen und Entw\u00fcrfe Teil der Arbeit sein.<\/div>\r\n<p><strong><a href=\"https:\/\/www.oliverlanz.com\/wordpress\/wp-content\/uploads\/2021\/12\/2020_21-DOSSIER-MA-BG_digital-4-1.pdf\">Dossier BK Maturaarbeit<\/a><\/strong><\/p>\r\n<h6><strong>Weitere wichtige Dokumente<\/strong><\/h6>\r\n<ul>\r\n<li>M\u00fcndliche Pr\u00e4sentation:&nbsp;<a href=\"https:\/\/www.oliverlanz.com\/wordpress\/wp-content\/uploads\/2011\/09\/Hinweise-und-Empfehlungen.pdf\">Hinweise und Empfehlungen<\/a><\/li>\r\n<\/ul>\r\n<p><a href=\"https:\/\/www.oliverlanz.com\/wordpress\/wp-content\/uploads\/2022\/07\/Aufteilung-BG_gestalterisch_schriftlich-scaled.jpg\"><img loading=\"lazy\" decoding=\"async\" width=\"1024\" height=\"724\" class=\"wp-image-4061\" src=\"https:\/\/www.oliverlanz.com\/wordpress\/wp-content\/uploads\/2022\/07\/Aufteilung-BG_gestalterisch_schriftlich-1024x724.jpg\" alt=\"\" srcset=\"https:\/\/www.oliverlanz.com\/wordpress\/wp-content\/uploads\/2022\/07\/Aufteilung-BG_gestalterisch_schriftlich-1024x724.jpg 1024w, https:\/\/www.oliverlanz.com\/wordpress\/wp-content\/uploads\/2022\/07\/Aufteilung-BG_gestalterisch_schriftlich-300x212.jpg 300w, https:\/\/www.oliverlanz.com\/wordpress\/wp-content\/uploads\/2022\/07\/Aufteilung-BG_gestalterisch_schriftlich-768x543.jpg 768w, https:\/\/www.oliverlanz.com\/wordpress\/wp-content\/uploads\/2022\/07\/Aufteilung-BG_gestalterisch_schriftlich-1536x1086.jpg 1536w, https:\/\/www.oliverlanz.com\/wordpress\/wp-content\/uploads\/2022\/07\/Aufteilung-BG_gestalterisch_schriftlich-2048x1448.jpg 2048w, https:\/\/www.oliverlanz.com\/wordpress\/wp-content\/uploads\/2022\/07\/Aufteilung-BG_gestalterisch_schriftlich-424x300.jpg 424w\" sizes=\"auto, (max-width: 1024px) 100vw, 1024px\" \/><\/a><\/p>\r\n<h6>&nbsp;<\/h6>\r\n<h2>&nbsp;<\/h2>\r\n<h2><strong>Einige S\u00e4tze zum Nachdenken<\/strong><\/h2>\r\n<h6>&nbsp;<\/h6>\r\n<p>Schreib den ersten Satz so, dass der Leser unbedingt auch den zweiten lesen will.<br><em>William Faulkner (amerik. Schriftsteller, 1897-1962)<\/em><br><br><br>Am Anfang der Forschung steht Neugier, ihr Kern ist Einsicht und ihr Ziel ist Wahrheit und Gerechtigkeit.<br><em>Isaac H. Satanov (poln. Philosoph und Religionsgelehrter, 1729-1804)<\/em><br><br><br>Zuerst die innere Haltung, dann die \u00e4ussere Form! Es ist wie beim Malen, wo man die Glanzlichter zuletzt aufsetzt.<br><em>Konfuzius (chin. Philosoph, ca. 551-479 v. Chr.)<\/em><br><br><br>Die wahre Beredsamkeit besteht darin, das zu sagen, was zur Sache geh\u00f6rt, und eben nur das.<br><em>Francois Duc de La Rochefoucauld (frz. Schriftsteller, 1612-1680)<\/em><br><br><br>The beautiful part of writing is that you don`t have to get it right the first time, unlike, say, a brain surgeon.<br><em>Robert Cormier (amerik. Schriftsteller, 1925-2000)<\/em><br><br><br>lucundi acti labores. Angenehmn sind die erledigten Arbeiten.<br><em>M. Tullius Cicero (r\u00f6m. Redner und Schriftsteller, 106-43 v.Chr.)<\/em><br><br><br>Lernen ist wie Rudern gegen den Strom. H\u00f6rt man damit auf, treibt man zur\u00fcck.<br><em>Laotse (chin. Philosoph, 6. Jh. v. Chr.)<\/em><br><br><br>Gebildet ist, wer weiss, wo er findet, was er nicht weiss.<br><em>Georg Simmel (dt. Philosoph, 1858-1918)<\/em><br><br><br>Wer Grosses will, muss sich zusammenraffen!<br><em>J. W. von Goethe (dt. Schriftsteller, 1749-1832)<\/em><br><br><br>Eine gute Rede hat einen guten Anfang und ein gutes Ende &#8211; und beide sollten m\u00f6glichst dicht beieinander liegen.<br><em>Mark Twain (amerik. Schriftsteller, 1835-1903)<\/em><br><br><br>Die Henne ist das kl\u00fcgste Gesch\u00f6pf im Tierreich. Sie gackert erst, nachdem das Ei gelegt ist.&nbsp;<em>Abraham Lincoln (amerik. Pr\u00e4sident, 1809-1865)<\/em><\/p>\r\n\r\n\r\n\r\n\r\n\r\n\r\n","protected":false},"excerpt":{"rendered":"<p>Ob Fotografie, Malerei, Plastik, Zeichnung, Illustration, Film, Druck, Grafik, Design oder Mode \u2013 die M\u00f6glichkeiten, sich im Rahmen der Maturaarbeit in einem gestalterischen Bereich zu vertiefen, sind vielseitig und interessant. Wer sich f\u00fcr eine Maturaarbeit in Bildender Kunst entscheidet, sollte &hellip; <a href=\"https:\/\/www.oliverlanz.com\/wordpress\/?page_id=3671\">Weiterlesen <span class=\"meta-nav\">&rarr;<\/span><\/a><\/p>\n","protected":false},"author":1,"featured_media":0,"parent":0,"menu_order":0,"comment_status":"closed","ping_status":"open","template":"","meta":{"ngg_post_thumbnail":0,"footnotes":""},"class_list":["post-3671","page","type-page","status-publish","hentry"],"_links":{"self":[{"href":"https:\/\/www.oliverlanz.com\/wordpress\/index.php?rest_route=\/wp\/v2\/pages\/3671","targetHints":{"allow":["GET"]}}],"collection":[{"href":"https:\/\/www.oliverlanz.com\/wordpress\/index.php?rest_route=\/wp\/v2\/pages"}],"about":[{"href":"https:\/\/www.oliverlanz.com\/wordpress\/index.php?rest_route=\/wp\/v2\/types\/page"}],"author":[{"embeddable":true,"href":"https:\/\/www.oliverlanz.com\/wordpress\/index.php?rest_route=\/wp\/v2\/users\/1"}],"replies":[{"embeddable":true,"href":"https:\/\/www.oliverlanz.com\/wordpress\/index.php?rest_route=%2Fwp%2Fv2%2Fcomments&post=3671"}],"version-history":[{"count":39,"href":"https:\/\/www.oliverlanz.com\/wordpress\/index.php?rest_route=\/wp\/v2\/pages\/3671\/revisions"}],"predecessor-version":[{"id":4969,"href":"https:\/\/www.oliverlanz.com\/wordpress\/index.php?rest_route=\/wp\/v2\/pages\/3671\/revisions\/4969"}],"wp:attachment":[{"href":"https:\/\/www.oliverlanz.com\/wordpress\/index.php?rest_route=%2Fwp%2Fv2%2Fmedia&parent=3671"}],"curies":[{"name":"wp","href":"https:\/\/api.w.org\/{rel}","templated":true}]}}