{"id":3681,"date":"2020-02-07T11:41:45","date_gmt":"2020-02-07T11:41:45","guid":{"rendered":"http:\/\/www.oliverlanz.com\/wordpress\/?page_id=3681"},"modified":"2025-10-01T09:17:53","modified_gmt":"2025-10-01T09:17:53","slug":"individuelle-bg-forderung","status":"publish","type":"page","link":"https:\/\/www.oliverlanz.com\/wordpress\/?page_id=3681","title":{"rendered":"Individuelle F\u00f6rderung im Bereich Kunst \/ Kunststudium"},"content":{"rendered":"<p><span data-contrast=\"auto\">Speziell begabte und interessierte Sch\u00fcler:innen im Fach Kunst (BG) k\u00f6nnen sich individuell an der Schule f\u00fcr Gestaltung Bern weiterbilden. Anmerkung: Sie bezahlen nur die Sch\u00fcler:innengeb\u00fchr von ca. 60.00 Franken pro Semester und Kurs.&nbsp;<\/span><\/p>\r\n<p><span data-contrast=\"auto\">Hier geht es zum vielf\u00e4ltigen Kursprogramm: <\/span><a href=\"https:\/\/www.sfgb-b.ch\/bildungsangebote\/oeffentliche-kurse\/oeffentliche-kurse-uebersicht\"><span data-contrast=\"auto\">Gestalterische Weiterbildungskurse<\/span><\/a><\/p>\r\n<p>&#8230;oder vielleicht sogar nach dem Gymer das <a href=\"https:\/\/www.sfgb-b.ch\/bildungsangebote\/vorbereitende-bildungsangebote\/propaedeutikum-kunst-und-design\">Prop\u00e4deutikum Kunst und Design in Bern\/Biel<\/a> besuchen?!&#8230;<\/p>\r\n<p><span data-contrast=\"auto\">Bei Fragen stehe ich Ihnen gerne zur Verf\u00fcgung: oliver.lanz@gymburgdorf.ch<\/span><\/p>\r\n\r\n<figure class=\"wp-block-gallery has-nested-images columns-default is-cropped wp-block-gallery-1 is-layout-flex wp-block-gallery-is-layout-flex\">\r\n<figure class=\"wp-block-image size-large\"><a href=\"https:\/\/www.oliverlanz.com\/wordpress\/wp-content\/uploads\/2022\/07\/IMG_7274.jpg\"><img loading=\"lazy\" decoding=\"async\" width=\"960\" height=\"1001\" data-id=\"4046\" class=\"wp-image-4046\" src=\"https:\/\/www.oliverlanz.com\/wordpress\/wp-content\/uploads\/2022\/07\/IMG_7274.jpg\" alt=\"\" srcset=\"https:\/\/www.oliverlanz.com\/wordpress\/wp-content\/uploads\/2022\/07\/IMG_7274.jpg 960w, https:\/\/www.oliverlanz.com\/wordpress\/wp-content\/uploads\/2022\/07\/IMG_7274-288x300.jpg 288w, https:\/\/www.oliverlanz.com\/wordpress\/wp-content\/uploads\/2022\/07\/IMG_7274-768x801.jpg 768w\" sizes=\"auto, (max-width: 960px) 100vw, 960px\" \/><\/a><\/figure>\r\n<\/figure>\r\n","protected":false},"excerpt":{"rendered":"<p>Speziell begabte und interessierte Sch\u00fcler:innen im Fach Kunst (BG) k\u00f6nnen sich individuell an der Schule f\u00fcr Gestaltung Bern weiterbilden. Anmerkung: Sie bezahlen nur die Sch\u00fcler:innengeb\u00fchr von ca. 60.00 Franken pro Semester und Kurs.&nbsp; Hier geht es zum vielf\u00e4ltigen Kursprogramm: Gestalterische &hellip; <a href=\"https:\/\/www.oliverlanz.com\/wordpress\/?page_id=3681\">Weiterlesen <span class=\"meta-nav\">&rarr;<\/span><\/a><\/p>\n","protected":false},"author":1,"featured_media":0,"parent":0,"menu_order":0,"comment_status":"closed","ping_status":"open","template":"","meta":{"ngg_post_thumbnail":0,"footnotes":""},"class_list":["post-3681","page","type-page","status-publish","hentry"],"_links":{"self":[{"href":"https:\/\/www.oliverlanz.com\/wordpress\/index.php?rest_route=\/wp\/v2\/pages\/3681","targetHints":{"allow":["GET"]}}],"collection":[{"href":"https:\/\/www.oliverlanz.com\/wordpress\/index.php?rest_route=\/wp\/v2\/pages"}],"about":[{"href":"https:\/\/www.oliverlanz.com\/wordpress\/index.php?rest_route=\/wp\/v2\/types\/page"}],"author":[{"embeddable":true,"href":"https:\/\/www.oliverlanz.com\/wordpress\/index.php?rest_route=\/wp\/v2\/users\/1"}],"replies":[{"embeddable":true,"href":"https:\/\/www.oliverlanz.com\/wordpress\/index.php?rest_route=%2Fwp%2Fv2%2Fcomments&post=3681"}],"version-history":[{"count":14,"href":"https:\/\/www.oliverlanz.com\/wordpress\/index.php?rest_route=\/wp\/v2\/pages\/3681\/revisions"}],"predecessor-version":[{"id":4883,"href":"https:\/\/www.oliverlanz.com\/wordpress\/index.php?rest_route=\/wp\/v2\/pages\/3681\/revisions\/4883"}],"wp:attachment":[{"href":"https:\/\/www.oliverlanz.com\/wordpress\/index.php?rest_route=%2Fwp%2Fv2%2Fmedia&parent=3681"}],"curies":[{"name":"wp","href":"https:\/\/api.w.org\/{rel}","templated":true}]}}