{"id":4681,"date":"2025-09-29T13:28:38","date_gmt":"2025-09-29T13:28:38","guid":{"rendered":"https:\/\/www.oliverlanz.com\/wordpress\/?page_id=4681"},"modified":"2026-01-21T22:01:15","modified_gmt":"2026-01-21T22:01:15","slug":"ausstellungen","status":"publish","type":"page","link":"https:\/\/www.oliverlanz.com\/wordpress\/?page_id=4681","title":{"rendered":"Sch\u00fcler:innenausstellungen und gestalterische Erfolge (Auswahl)"},"content":{"rendered":"\r\n<figure class=\"wp-block-gallery has-nested-images columns-default is-cropped\"><!-- \/wp:gallery --><!-- wp:post-content --><h1><strong>4. Juli bis 28. August 2025<\/strong><\/h1>\r\n<ul>\r\n<li>Unter der Leitung von Oliver Lanz pr\u00e4sen\u00adtierten die Gestal\u00adtungs\u00adklassen GF BK 27c, GF BK 27e, GF BK 27h und SF BK 26dh des Gymnasiums Burgdorf eine sinnliche Instal\u00adlation aus Roggenstroh im Chor der Stadt\u00adkirche Burgdorf.<\/li>\r\n<\/ul>\r\n<div id=\"attachment_4667\" style=\"width: 1034px\" class=\"wp-caption alignnone\"><a href=\"https:\/\/www.oliverlanz.com\/wordpress\/wp-content\/uploads\/2025\/07\/6318B436-366B-44EC-A620-EBF7EF369D91_1_105_c-1.jpeg\"><img loading=\"lazy\" decoding=\"async\" aria-describedby=\"caption-attachment-4667\" class=\"wp-image-4667 size-full\" src=\"https:\/\/www.oliverlanz.com\/wordpress\/wp-content\/uploads\/2025\/07\/6318B436-366B-44EC-A620-EBF7EF369D91_1_105_c-1.jpeg\" alt=\"\" width=\"1024\" height=\"768\" srcset=\"https:\/\/www.oliverlanz.com\/wordpress\/wp-content\/uploads\/2025\/07\/6318B436-366B-44EC-A620-EBF7EF369D91_1_105_c-1.jpeg 1024w, https:\/\/www.oliverlanz.com\/wordpress\/wp-content\/uploads\/2025\/07\/6318B436-366B-44EC-A620-EBF7EF369D91_1_105_c-1-300x225.jpeg 300w, https:\/\/www.oliverlanz.com\/wordpress\/wp-content\/uploads\/2025\/07\/6318B436-366B-44EC-A620-EBF7EF369D91_1_105_c-1-768x576.jpeg 768w, https:\/\/www.oliverlanz.com\/wordpress\/wp-content\/uploads\/2025\/07\/6318B436-366B-44EC-A620-EBF7EF369D91_1_105_c-1-400x300.jpeg 400w\" sizes=\"auto, (max-width: 1024px) 100vw, 1024px\" \/><\/a><p id=\"caption-attachment-4667\" class=\"wp-caption-text\">Installation aus Roggenstroh<\/p><\/div>\r\n<div id=\"attachment_4668\" style=\"width: 1034px\" class=\"wp-caption alignnone\"><a href=\"https:\/\/www.oliverlanz.com\/wordpress\/wp-content\/uploads\/2025\/07\/A5EA8F3B-51E7-46C0-93B7-C5B709B2065D_1_105_c-2.jpeg\"><img loading=\"lazy\" decoding=\"async\" aria-describedby=\"caption-attachment-4668\" class=\"wp-image-4668 size-full\" src=\"https:\/\/www.oliverlanz.com\/wordpress\/wp-content\/uploads\/2025\/07\/A5EA8F3B-51E7-46C0-93B7-C5B709B2065D_1_105_c-2.jpeg\" alt=\"\" width=\"1024\" height=\"768\" srcset=\"https:\/\/www.oliverlanz.com\/wordpress\/wp-content\/uploads\/2025\/07\/A5EA8F3B-51E7-46C0-93B7-C5B709B2065D_1_105_c-2.jpeg 1024w, https:\/\/www.oliverlanz.com\/wordpress\/wp-content\/uploads\/2025\/07\/A5EA8F3B-51E7-46C0-93B7-C5B709B2065D_1_105_c-2-300x225.jpeg 300w, https:\/\/www.oliverlanz.com\/wordpress\/wp-content\/uploads\/2025\/07\/A5EA8F3B-51E7-46C0-93B7-C5B709B2065D_1_105_c-2-768x576.jpeg 768w, https:\/\/www.oliverlanz.com\/wordpress\/wp-content\/uploads\/2025\/07\/A5EA8F3B-51E7-46C0-93B7-C5B709B2065D_1_105_c-2-400x300.jpeg 400w\" sizes=\"auto, (max-width: 1024px) 100vw, 1024px\" \/><\/a><p id=\"caption-attachment-4668\" class=\"wp-caption-text\">Erkunden der Installation<\/p><\/div>\r\n<h6><strong>18. Oktober bis 3. November 2024<\/strong><\/h6>\r\n<ul>\r\n<li>Ausstellung &#8222;Wir sind alle anders gleich&#8220; in der Kulturm\u00fchle L\u00fctzelfl\u00fch <a href=\"https:\/\/www.neo1.ch\/artikel\/ausstellung-in-der-kulturmuehle\">https:\/\/www.neo1.ch\/artikel\/ausstellung-in-der-kulturmuehle&nbsp; &nbsp; &nbsp; &nbsp; &nbsp; &nbsp; &nbsp; &nbsp; &nbsp; &nbsp; &nbsp; &nbsp; &nbsp; &nbsp; &nbsp; &nbsp; &nbsp; &nbsp; <\/a>Eine Ausstellung mit allen BK Sch\u00fcler:innen von Oliver Lanz<\/li>\r\n<\/ul>\r\n<h6><strong>Juni bis August 2023<\/strong><\/h6>\r\n<ul>\r\n<li>&#8222;750 Jahre Handfeste&#8220; Plakatausstellung in der Stadt Burgdorf , SF BK 25be&nbsp; &nbsp; &nbsp; &nbsp; &nbsp; &nbsp; &nbsp; und SF BK 26dh, siehe: <a href=\"https:\/\/lbg-eav.ch\/de\/aktuell\/plakatgestaltung-handfeste-burgdorf\/\">https:\/\/lbg-eav.ch\/de\/aktuell\/plakatgestaltung-handfeste-burgdorf\/<\/a><\/li>\r\n<\/ul>\r\n<h6><strong>August bis Oktober 2021<\/strong><\/h6>\r\n<ul>\r\n<li>Ausstellung in der Stadtkirche Burgdorf (Seitenkapelle). GF BK 22ef und SF BK 22ef.<\/li>\r\n<li><a href=\"https:\/\/www.oliverlanz.com\/wordpress\/wp-content\/uploads\/2021\/10\/IMG_3143.mov\">Surreale Weltbilder, Collage auf MDF<\/a>&nbsp;<\/li>\r\n<\/ul>\r\n<h6><strong>Fr\u00fchling 2019<\/strong><\/h6>\r\n<ul>\r\n<li>\r\n<p>Gemeinsames Projekt &#8222;Genius Locci&#8220;mit der HKB. Zusammenarbeit und Ausstellung.<\/p>\r\n<\/li>\r\n<\/ul>\r\n<h6><strong>Mai \/ Juni 2015<\/strong><\/h6>\r\n<ul>\r\n<li>BK Ausstellung &#8222;Reclamour&#8220;. Das gelbe B\u00fcchlein im Mittelpunkt. Stadtbibliothek Burgdorf.<\/li>\r\n<\/ul>\r\n<h6><strong>Januar 2014<\/strong><\/h6>\r\n<div>\r\n<ul>\r\n<li>Lisa Eggimann hat mit Ihrer BG-Maturaarbeit den Burgerpreis (3. Rang) sowie den Publikumspreis der Burgergemeinde Burgdorf gewonnen.<\/li>\r\n<\/ul>\r\n<\/div>\r\n<h6><strong>M\u00e4rz 2013<\/strong><\/h6>\r\n<ul>\r\n<li>Cartoonmuseum, Basel: Zwei GF BG GYM1 Klassen haben einen Sonderpreis gewonnen.<\/li>\r\n<\/ul>\r\n<h6><strong>M\u00e4rz 2013<\/strong><\/h6>\r\n<ul>\r\n<li>Comicsfestival Fumetto, Luzern: 5 Sch\u00fcler:innen der Schwerpunktfachklasse&nbsp; (GYM2) konnten Ihre Arbeiten an der Wettbewerbsausstellung zeigen.<\/li>\r\n<\/ul>\r\n<h6><strong>Oktober 2012 bis Januar 2013<\/strong><\/h6>\r\n<ul>\r\n<li>Ehemalige BK GF Sch\u00fcler:innen zeigten w\u00e4hrend der &#8222;bEngel&#8220; Ausstellung im Creaviva (Zentrum Paul Klee, Bern) einen Trickfilm. <a style=\"font-size: revert;\" href=\"https:\/\/www.oliverlanz.com\/wordpress\/wp-content\/uploads\/2012\/08\/Gedanken-zum-KLEE-Filmprojekt-mit-60-Verwandlungen.pdf\">Gedanken zum &#8222;KLEE-Filmprojekt mit 60 Verwandlungen&#8220;<\/a><span style=\"font-size: revert;\">&nbsp;von Christian St\u00fcrzinger (Innovationschoach, Winterthur).<\/span><\/li>\r\n<\/ul>\r\n<h6><strong>Fr\u00fchling 2011<\/strong><\/h6>\r\n<ul>\r\n<li>Anhand der wichtigsten Argumente und Bed\u00fcrfnisse setzte sich die Schwerpunktfachklasse &#8222;Bildende Kunst&#8220; Prima h vom Gymnasium Burgdorf mit den baulichen und sozialen Anforderungen der eigenen Schule auseinander.&nbsp; &nbsp; &nbsp; &nbsp; &nbsp; Es entstanden mit Hilfe von Fachkr\u00e4ften der Berner Fachhochschule Architektur, Holz und Bau detaillierte Visualisierungen und physische Modelle. Die Klasse wurde f\u00fcr Ihre \u00fcberzeugenden Arbeiten mit einem Klassenpreis (Besuch der Flyerwerke in Huttwil mit anschliessender Fahrt durch den emmentaler Fr\u00fchling) honoriert.<\/li>\r\n<\/ul>\r\n<h6><strong>Juni 2009<\/strong><\/h6>\r\n<ul>\r\n<li>Maturaarbeitspreis 2009 f\u00fcr Bildende Kunst: Die Hochschule der K\u00fcnste Bern zeichnete den Zeichentrickfilm &#8222;Z`n\u00fcni Tram&#8220; von Joel Hofmann (SF BK GYM4) mit dem zweiten Platz aus.<\/li>\r\n<\/ul>\r\n<h6><strong>April 2009<\/strong><\/h6>\r\n<ul>\r\n<li>Internationales Comixfestival Luzern: Mit Cornflakes b\u00f6se Viren bek\u00e4mpfen &#8211; mit dieser Idee hat Anina Mirjam Sch\u00e4rer (SF BK 09h) am Comic-Festival Fumetto in Luzern den Publikumspreis gewonnen. Der internationale Comic-Wettbewerb stand dieses Jahr unter dem Thema &#8222;Virus&#8220;. 670 Zeichner:innen aus 30 L\u00e4ndern nahmen an der Ausschreibung teil. Anina Mirjam Sch\u00e4rer beteiligte sich mit ihrer Klasse innerhalb des BK-Unterrichts am Wettbewerb. Sie wurde f\u00fcr ihren witzigen und k\u00fcnstlerisch kreativ umgesetzten Comic mit einem Barpreis belohnt. Unter den Nominierten war auch Niek M\u00fcller (SF BK 09h).<\/li>\r\n<\/ul>\r\n<!-- wp:gallery {\"linkTo\":\"file\"} -->\r\n<figure class=\"wp-block-gallery has-nested-images columns-default is-cropped\"><!-- wp:image {\"id\":3988,\"sizeSlug\":\"large\",\"linkDestination\":\"media\"} -->\r\n<figure class=\"wp-block-image size-large\"><\/figure>\r\n<\/figure><!-- \/wp:post-content -->","protected":false},"excerpt":{"rendered":"<p>4. Juli bis 28. August 2025 Unter der Leitung von Oliver Lanz pr\u00e4sen\u00adtierten die Gestal\u00adtungs\u00adklassen GF BK 27c, GF BK 27e, GF BK 27h und SF BK 26dh des Gymnasiums Burgdorf eine sinnliche Instal\u00adlation aus Roggenstroh im Chor der Stadt\u00adkirche &hellip; <a href=\"https:\/\/www.oliverlanz.com\/wordpress\/?page_id=4681\">Weiterlesen <span class=\"meta-nav\">&rarr;<\/span><\/a><\/p>\n","protected":false},"author":1,"featured_media":0,"parent":0,"menu_order":0,"comment_status":"closed","ping_status":"closed","template":"","meta":{"ngg_post_thumbnail":0,"footnotes":""},"class_list":["post-4681","page","type-page","status-publish","hentry"],"_links":{"self":[{"href":"https:\/\/www.oliverlanz.com\/wordpress\/index.php?rest_route=\/wp\/v2\/pages\/4681","targetHints":{"allow":["GET"]}}],"collection":[{"href":"https:\/\/www.oliverlanz.com\/wordpress\/index.php?rest_route=\/wp\/v2\/pages"}],"about":[{"href":"https:\/\/www.oliverlanz.com\/wordpress\/index.php?rest_route=\/wp\/v2\/types\/page"}],"author":[{"embeddable":true,"href":"https:\/\/www.oliverlanz.com\/wordpress\/index.php?rest_route=\/wp\/v2\/users\/1"}],"replies":[{"embeddable":true,"href":"https:\/\/www.oliverlanz.com\/wordpress\/index.php?rest_route=%2Fwp%2Fv2%2Fcomments&post=4681"}],"version-history":[{"count":15,"href":"https:\/\/www.oliverlanz.com\/wordpress\/index.php?rest_route=\/wp\/v2\/pages\/4681\/revisions"}],"predecessor-version":[{"id":4965,"href":"https:\/\/www.oliverlanz.com\/wordpress\/index.php?rest_route=\/wp\/v2\/pages\/4681\/revisions\/4965"}],"wp:attachment":[{"href":"https:\/\/www.oliverlanz.com\/wordpress\/index.php?rest_route=%2Fwp%2Fv2%2Fmedia&parent=4681"}],"curies":[{"name":"wp","href":"https:\/\/api.w.org\/{rel}","templated":true}]}}